{"id":2,"date":"2021-02-22T16:32:54","date_gmt":"2021-02-22T15:32:54","guid":{"rendered":"http:\/\/37230.web.zcom.it\/?page_id=2"},"modified":"2022-04-24T21:12:56","modified_gmt":"2022-04-24T19:12:56","slug":"beispiel-seite","status":"publish","type":"page","link":"https:\/\/gerryland.it\/it\/beispiel-seite\/","title":{"rendered":"Startseite"},"content":{"rendered":"<div id=\"fws_69d296d0991a3\"  data-column-margin=\"default\" data-midnight=\"dark\"  class=\"wpb_row vc_row-fluid vc_row standard_section\"  style=\"padding-top: 0px; padding-bottom: 0px; \"><div class=\"row-bg-wrap\" data-bg-animation=\"none\" data-bg-overlay=\"false\"><div class=\"inner-wrap\"><div class=\"row-bg\"  style=\"\"><\/div><\/div><div class=\"row-bg-overlay\" ><\/div><\/div><div class=\"row_col_wrap_12 col span_12 dark left\">\n\t<div  class=\"vc_col-sm-12 wpb_column column_container vc_column_container col no-extra-padding inherit_tablet inherit_phone\"  data-t-w-inherits=\"default\" data-bg-cover=\"\" data-padding-pos=\"all\" data-has-bg-color=\"false\" data-bg-color=\"\" data-bg-opacity=\"1\" data-hover-bg=\"\" data-hover-bg-opacity=\"1\" data-animation=\"\" data-delay=\"0\" >\n\t\t<div class=\"vc_column-inner\" ><div class=\"column-bg-overlay-wrap\" data-bg-animation=\"none\"><div class=\"column-bg-overlay\"><\/div><\/div>\n\t\t\t<div class=\"wpb_wrapper\">\n\t\t\t\t\r\n<div class=\"wpb_text_column wpb_content_element\" >\r\n\t<div class=\"wpb_wrapper\">\r\n\t\t<h1>BENVENUTI DA GERRYLAND<\/h1>\n<h4>l\u00b4agenzia pubblicitaria per la comunicazione classica, pubblicit\u00e0 radiofonica, Webdesign, produzione messaggi di attesa telefonica, pubblicit\u00e0 tessile e abbigliamento personalizzato, articoli promozionali e tanto altro.<\/h4>\n<p>Nachfolgend finden Sie einige aktuelle News zu unseren Leistungen. In den Rubriken links hingegen, finden Sie s\u00e4mtliche Informationen zu unserem vielseitigen Angebot. Wir hoffen, da\u00df es Ihnen bei uns gef\u00e4llt und freuen uns von Ihnen zu h\u00f6ren. Viel Spa\u00df beim St\u00f6bern\u2026.<\/p>\n<p>Il vostro team della Gerryland<\/p>\n\t<\/div>\r\n<\/div>\r\n\r\n\r\n\r\n\n\t\t\t<\/div> \n\t\t<\/div>\n\t<\/div> \n<\/div><\/div>","protected":false},"excerpt":{"rendered":"WILLKOMMEN BEI GERRYLAND die fullservice Werbeagentur in S\u00fcdtirol f\u00fcr Grafikdesign, Print- und Radiowerbung, Webdesign, Produktion von Telefonwarteschleifen, Textile Werbung &amp; Bekleidung, Workwear, Promotion &amp; Werbeartikel. Nachfolgend finden Sie einige aktuelle...","protected":false},"author":1,"featured_media":0,"parent":0,"menu_order":0,"comment_status":"closed","ping_status":"open","template":"","meta":{"footnotes":""},"class_list":["post-2","page","type-page","status-publish"],"yoast_head":"<!-- This site is optimized with the Yoast SEO plugin v18.2 - https:\/\/yoast.com\/wordpress\/plugins\/seo\/ -->\n<title>Startseite - Gerryland S\u00fcdtirol<\/title>\n<meta name=\"description\" content=\"WILLKOMMEN BEI GERRYLAND die Werbeagentur in S\u00fcdtirol f\u00fcr Grafikdesign, Radiowerbung, Telefonwarteschleifen, Textile Werbung &amp; Werbeartikel\" \/>\n<meta name=\"robots\" content=\"index, follow, max-snippet:-1, max-image-preview:large, max-video-preview:-1\" \/>\n<link rel=\"canonical\" href=\"https:\/\/gerryland.it\/it\/beispiel-seite\/\" \/>\n<meta property=\"og:locale\" content=\"it_IT\" \/>\n<meta property=\"og:type\" content=\"article\" \/>\n<meta property=\"og:title\" content=\"Startseite - Gerryland S\u00fcdtirol\" \/>\n<meta property=\"og:description\" content=\"WILLKOMMEN BEI GERRYLAND die Werbeagentur in S\u00fcdtirol f\u00fcr Grafikdesign, Radiowerbung, Telefonwarteschleifen, Textile Werbung &amp; Werbeartikel\" \/>\n<meta property=\"og:url\" content=\"https:\/\/gerryland.it\/it\/beispiel-seite\/\" \/>\n<meta property=\"og:site_name\" content=\"Gerryland Italien\" \/>\n<meta property=\"article:modified_time\" content=\"2022-04-24T19:12:56+00:00\" \/>\n<meta name=\"twitter:card\" content=\"summary_large_image\" \/>\n<meta name=\"twitter:label1\" content=\"Tempo di lettura stimato\" \/>\n\t<meta name=\"twitter:data1\" content=\"1 minuto\" \/>\n<script type=\"application\/ld+json\" class=\"yoast-schema-graph\">{\"@context\":\"https:\/\/schema.org\",\"@graph\":[{\"@type\":\"WebSite\",\"@id\":\"https:\/\/gerryland.it\/#website\",\"url\":\"https:\/\/gerryland.it\/\",\"name\":\"Gerryland Italien\",\"description\":\"Ihre Werbeagentur in S\u00fcdtirol\",\"potentialAction\":[{\"@type\":\"SearchAction\",\"target\":{\"@type\":\"EntryPoint\",\"urlTemplate\":\"https:\/\/gerryland.it\/?s={search_term_string}\"},\"query-input\":\"required name=search_term_string\"}],\"inLanguage\":\"it-IT\"},{\"@type\":\"WebPage\",\"@id\":\"https:\/\/gerryland.it\/beispiel-seite\/#webpage\",\"url\":\"https:\/\/gerryland.it\/beispiel-seite\/\",\"name\":\"Startseite - Gerryland S\u00fcdtirol\",\"isPartOf\":{\"@id\":\"https:\/\/gerryland.it\/#website\"},\"datePublished\":\"2021-02-22T15:32:54+00:00\",\"dateModified\":\"2022-04-24T19:12:56+00:00\",\"description\":\"WILLKOMMEN BEI GERRYLAND die Werbeagentur in S\u00fcdtirol f\u00fcr Grafikdesign, Radiowerbung, Telefonwarteschleifen, Textile Werbung & Werbeartikel\",\"breadcrumb\":{\"@id\":\"https:\/\/gerryland.it\/beispiel-seite\/#breadcrumb\"},\"inLanguage\":\"it-IT\",\"potentialAction\":[{\"@type\":\"ReadAction\",\"target\":[\"https:\/\/gerryland.it\/beispiel-seite\/\"]}]},{\"@type\":\"BreadcrumbList\",\"@id\":\"https:\/\/gerryland.it\/beispiel-seite\/#breadcrumb\",\"itemListElement\":[{\"@type\":\"ListItem\",\"position\":1,\"name\":\"Startseite\",\"item\":\"https:\/\/gerryland.it\/\"},{\"@type\":\"ListItem\",\"position\":2,\"name\":\"Startseite\"}]}]}<\/script>\n<!-- \/ Yoast SEO plugin. -->","yoast_head_json":{"title":"Startseite - Gerryland S\u00fcdtirol","description":"WILLKOMMEN BEI GERRYLAND die Werbeagentur in S\u00fcdtirol f\u00fcr Grafikdesign, Radiowerbung, Telefonwarteschleifen, Textile Werbung & Werbeartikel","robots":{"index":"index","follow":"follow","max-snippet":"max-snippet:-1","max-image-preview":"max-image-preview:large","max-video-preview":"max-video-preview:-1"},"canonical":"https:\/\/gerryland.it\/it\/beispiel-seite\/","og_locale":"it_IT","og_type":"article","og_title":"Startseite - Gerryland S\u00fcdtirol","og_description":"WILLKOMMEN BEI GERRYLAND die Werbeagentur in S\u00fcdtirol f\u00fcr Grafikdesign, Radiowerbung, Telefonwarteschleifen, Textile Werbung & Werbeartikel","og_url":"https:\/\/gerryland.it\/it\/beispiel-seite\/","og_site_name":"Gerryland Italien","article_modified_time":"2022-04-24T19:12:56+00:00","twitter_card":"summary_large_image","twitter_misc":{"Tempo di lettura stimato":"1 minuto"},"schema":{"@context":"https:\/\/schema.org","@graph":[{"@type":"WebSite","@id":"https:\/\/gerryland.it\/#website","url":"https:\/\/gerryland.it\/","name":"Gerryland Italien","description":"Ihre Werbeagentur in S\u00fcdtirol","potentialAction":[{"@type":"SearchAction","target":{"@type":"EntryPoint","urlTemplate":"https:\/\/gerryland.it\/?s={search_term_string}"},"query-input":"required name=search_term_string"}],"inLanguage":"it-IT"},{"@type":"WebPage","@id":"https:\/\/gerryland.it\/beispiel-seite\/#webpage","url":"https:\/\/gerryland.it\/beispiel-seite\/","name":"Startseite - Gerryland S\u00fcdtirol","isPartOf":{"@id":"https:\/\/gerryland.it\/#website"},"datePublished":"2021-02-22T15:32:54+00:00","dateModified":"2022-04-24T19:12:56+00:00","description":"WILLKOMMEN BEI GERRYLAND die Werbeagentur in S\u00fcdtirol f\u00fcr Grafikdesign, Radiowerbung, Telefonwarteschleifen, Textile Werbung & Werbeartikel","breadcrumb":{"@id":"https:\/\/gerryland.it\/beispiel-seite\/#breadcrumb"},"inLanguage":"it-IT","potentialAction":[{"@type":"ReadAction","target":["https:\/\/gerryland.it\/beispiel-seite\/"]}]},{"@type":"BreadcrumbList","@id":"https:\/\/gerryland.it\/beispiel-seite\/#breadcrumb","itemListElement":[{"@type":"ListItem","position":1,"name":"Startseite","item":"https:\/\/gerryland.it\/"},{"@type":"ListItem","position":2,"name":"Startseite"}]}]}},"_links":{"self":[{"href":"https:\/\/gerryland.it\/it\/wp-json\/wp\/v2\/pages\/2","targetHints":{"allow":["GET"]}}],"collection":[{"href":"https:\/\/gerryland.it\/it\/wp-json\/wp\/v2\/pages"}],"about":[{"href":"https:\/\/gerryland.it\/it\/wp-json\/wp\/v2\/types\/page"}],"author":[{"embeddable":true,"href":"https:\/\/gerryland.it\/it\/wp-json\/wp\/v2\/users\/1"}],"replies":[{"embeddable":true,"href":"https:\/\/gerryland.it\/it\/wp-json\/wp\/v2\/comments?post=2"}],"version-history":[{"count":4,"href":"https:\/\/gerryland.it\/it\/wp-json\/wp\/v2\/pages\/2\/revisions"}],"predecessor-version":[{"id":5043,"href":"https:\/\/gerryland.it\/it\/wp-json\/wp\/v2\/pages\/2\/revisions\/5043"}],"wp:attachment":[{"href":"https:\/\/gerryland.it\/it\/wp-json\/wp\/v2\/media?parent=2"}],"curies":[{"name":"wp","href":"https:\/\/api.w.org\/{rel}","templated":true}]}}